{"id":498,"date":"2025-08-09T15:27:38","date_gmt":"2025-08-09T13:27:38","guid":{"rendered":"https:\/\/giftgallery.hr\/tesoro\/?post_type=product&#038;p=498"},"modified":"2025-09-15T10:20:34","modified_gmt":"2025-09-15T08:20:34","slug":"kolo-srece","status":"publish","type":"product","link":"https:\/\/giftgallery.hr\/tesoro\/proizvod\/kolo-srece\/","title":{"rendered":"Kolo sre\u0107e"},"content":{"rendered":"<p>Zabavite dru\u0161tvo i zagrijte atmosferu uz ovo originalno kolo sre\u0107e za odrasle! Zavrtite, stanite gdje strelica poka\u017ee i ispunite izazov! Idealno za tulume, ro\u0111endane i nezaboravne ve\u010deri. Lako prenosivo i spremno za akciju u bilo kojem trenutku.<\/p>\n<p>Visina:<\/p>\n<ul>\n<li>malo: 14 cm<\/li>\n<li>srednje: 18 cm<\/li>\n<li>veliko: 27,5 cm<\/li>\n<\/ul>\n<p>Boje:<\/p>\n<ul>\n<li>crna<\/li>\n<li>bijela<\/li>\n<li>sme\u0111a<\/li>\n<\/ul>\n<p>Materijal: lesonit<\/p>\n","protected":false},"excerpt":{"rendered":"<p>Zabavite dru\u0161tvo i zagrijte atmosferu uz ovo originalno kolo sre\u0107e za odrasle! Zavrtite, stanite gdje strelica poka\u017ee i ispunite izazov! Idealno za tulume, ro\u0111endane i nezaboravne ve\u010deri. Lako prenosivo i spremno za akciju u bilo kojem trenutku.<\/p>\n","protected":false},"featured_media":522,"comment_status":"open","ping_status":"closed","template":"","meta":{"_regular_price":[],"currency_symbol":[],"_eb_attr":""},"product_brand":[],"product_cat":[30,25],"product_tag":[],"class_list":{"0":"post-498","1":"product","2":"type-product","3":"status-publish","4":"has-post-thumbnail","6":"product_cat-igre-za-odrasle","7":"product_cat-category-products","9":"first","10":"instock","11":"shipping-taxable","12":"purchasable","13":"product-type-variable"},"post_slider_layout_featured_media_urls":{"thumbnail":["https:\/\/giftgallery.hr\/tesoro\/wp-content\/uploads\/2025\/08\/IMG-20250908-WA0236-150x150.jpg",150,150,true],"post_slider_layout_landscape_large":["https:\/\/giftgallery.hr\/tesoro\/wp-content\/uploads\/2025\/08\/IMG-20250908-WA0236-1200x800.jpg",1200,800,true],"post_slider_layout_portrait_large":["https:\/\/giftgallery.hr\/tesoro\/wp-content\/uploads\/2025\/08\/IMG-20250908-WA0236-1200x1800.jpg",1200,1800,true],"post_slider_layout_square_large":["https:\/\/giftgallery.hr\/tesoro\/wp-content\/uploads\/2025\/08\/IMG-20250908-WA0236-1200x1200.jpg",1200,1200,true],"post_slider_layout_landscape":["https:\/\/giftgallery.hr\/tesoro\/wp-content\/uploads\/2025\/08\/IMG-20250908-WA0236-600x400.jpg",600,400,true],"post_slider_layout_portrait":["https:\/\/giftgallery.hr\/tesoro\/wp-content\/uploads\/2025\/08\/IMG-20250908-WA0236-600x900.jpg",600,900,true],"post_slider_layout_square":["https:\/\/giftgallery.hr\/tesoro\/wp-content\/uploads\/2025\/08\/IMG-20250908-WA0236-600x600.jpg",600,600,true],"full":["https:\/\/giftgallery.hr\/tesoro\/wp-content\/uploads\/2025\/08\/IMG-20250908-WA0236-scaled.jpg",1920,2560,false]},"_links":{"self":[{"href":"https:\/\/giftgallery.hr\/tesoro\/wp-json\/wp\/v2\/product\/498","targetHints":{"allow":["GET"]}}],"collection":[{"href":"https:\/\/giftgallery.hr\/tesoro\/wp-json\/wp\/v2\/product"}],"about":[{"href":"https:\/\/giftgallery.hr\/tesoro\/wp-json\/wp\/v2\/types\/product"}],"replies":[{"embeddable":true,"href":"https:\/\/giftgallery.hr\/tesoro\/wp-json\/wp\/v2\/comments?post=498"}],"wp:featuredmedia":[{"embeddable":true,"href":"https:\/\/giftgallery.hr\/tesoro\/wp-json\/wp\/v2\/media\/522"}],"wp:attachment":[{"href":"https:\/\/giftgallery.hr\/tesoro\/wp-json\/wp\/v2\/media?parent=498"}],"wp:term":[{"taxonomy":"product_brand","embeddable":true,"href":"https:\/\/giftgallery.hr\/tesoro\/wp-json\/wp\/v2\/product_brand?post=498"},{"taxonomy":"product_cat","embeddable":true,"href":"https:\/\/giftgallery.hr\/tesoro\/wp-json\/wp\/v2\/product_cat?post=498"},{"taxonomy":"product_tag","embeddable":true,"href":"https:\/\/giftgallery.hr\/tesoro\/wp-json\/wp\/v2\/product_tag?post=498"}],"curies":[{"name":"wp","href":"https:\/\/api.w.org\/{rel}","templated":true}]}}