{"id":625,"date":"2025-09-10T18:53:33","date_gmt":"2025-09-10T16:53:33","guid":{"rendered":"https:\/\/giftgallery.hr\/tesoro\/?post_type=product&#038;p=625"},"modified":"2025-09-15T09:59:06","modified_gmt":"2025-09-15T07:59:06","slug":"pljoska","status":"publish","type":"product","link":"https:\/\/giftgallery.hr\/tesoro\/proizvod\/pljoska\/","title":{"rendered":"Pljoska"},"content":{"rendered":"<p>Elegantna pljoska dostupna u crnoj ili bijeloj boji savr\u0161en je spoj stila i prakti\u010dnosti. Izra\u0111ena od kvalitetnog materijala, kompaktna je i idealna za no\u0161enje omiljenih pi\u0107a bilo gdje \u2013 na putovanju, izletu ili kao diskretan dodatak va\u0161oj torbi. Po \u017eelji, na pljosku je mogu\u0107e dodati personalizirani tekst ili motiv, \u0161to je \u010dini izvrsnim poklonom za prijatelje, obitelj ili posebne prilike.<\/p>\n<p>Kapacitet: 7 oz<\/p>\n","protected":false},"excerpt":{"rendered":"<p>Elegantna pljoska dostupna u crnoj ili bijeloj boji savr\u0161en je spoj stila i prakti\u010dnosti. Po \u017eelji, na pljosku je mogu\u0107e dodati personalizirani tekst ili motiv, \u0161to je \u010dini izvrsnim poklonom za prijatelje, obitelj ili posebne prilike.<\/p>\n","protected":false},"featured_media":632,"comment_status":"open","ping_status":"closed","template":"","meta":{"_regular_price":["13.50"],"currency_symbol":[],"_eb_attr":""},"product_brand":[],"product_cat":[40,29,25],"product_tag":[],"class_list":{"0":"post-625","1":"product","2":"type-product","3":"status-publish","4":"has-post-thumbnail","6":"product_cat-boce-i-pljoske","7":"product_cat-personalizirani-pokloni","8":"product_cat-category-products","9":"wcpa_has_options","11":"first","12":"instock","13":"shipping-taxable","14":"purchasable","15":"product-type-simple"},"post_slider_layout_featured_media_urls":{"thumbnail":["https:\/\/giftgallery.hr\/tesoro\/wp-content\/uploads\/2025\/09\/IMG-20250908-WA0196-150x150.jpg",150,150,true],"post_slider_layout_landscape_large":["https:\/\/giftgallery.hr\/tesoro\/wp-content\/uploads\/2025\/09\/IMG-20250908-WA0196-1200x800.jpg",1200,800,true],"post_slider_layout_portrait_large":["https:\/\/giftgallery.hr\/tesoro\/wp-content\/uploads\/2025\/09\/IMG-20250908-WA0196-1200x1800.jpg",1200,1800,true],"post_slider_layout_square_large":["https:\/\/giftgallery.hr\/tesoro\/wp-content\/uploads\/2025\/09\/IMG-20250908-WA0196-1200x1200.jpg",1200,1200,true],"post_slider_layout_landscape":["https:\/\/giftgallery.hr\/tesoro\/wp-content\/uploads\/2025\/09\/IMG-20250908-WA0196-600x400.jpg",600,400,true],"post_slider_layout_portrait":["https:\/\/giftgallery.hr\/tesoro\/wp-content\/uploads\/2025\/09\/IMG-20250908-WA0196-600x900.jpg",600,900,true],"post_slider_layout_square":["https:\/\/giftgallery.hr\/tesoro\/wp-content\/uploads\/2025\/09\/IMG-20250908-WA0196-600x600.jpg",600,600,true],"full":["https:\/\/giftgallery.hr\/tesoro\/wp-content\/uploads\/2025\/09\/IMG-20250908-WA0196-scaled.jpg",1920,2560,false]},"_links":{"self":[{"href":"https:\/\/giftgallery.hr\/tesoro\/wp-json\/wp\/v2\/product\/625","targetHints":{"allow":["GET"]}}],"collection":[{"href":"https:\/\/giftgallery.hr\/tesoro\/wp-json\/wp\/v2\/product"}],"about":[{"href":"https:\/\/giftgallery.hr\/tesoro\/wp-json\/wp\/v2\/types\/product"}],"replies":[{"embeddable":true,"href":"https:\/\/giftgallery.hr\/tesoro\/wp-json\/wp\/v2\/comments?post=625"}],"wp:featuredmedia":[{"embeddable":true,"href":"https:\/\/giftgallery.hr\/tesoro\/wp-json\/wp\/v2\/media\/632"}],"wp:attachment":[{"href":"https:\/\/giftgallery.hr\/tesoro\/wp-json\/wp\/v2\/media?parent=625"}],"wp:term":[{"taxonomy":"product_brand","embeddable":true,"href":"https:\/\/giftgallery.hr\/tesoro\/wp-json\/wp\/v2\/product_brand?post=625"},{"taxonomy":"product_cat","embeddable":true,"href":"https:\/\/giftgallery.hr\/tesoro\/wp-json\/wp\/v2\/product_cat?post=625"},{"taxonomy":"product_tag","embeddable":true,"href":"https:\/\/giftgallery.hr\/tesoro\/wp-json\/wp\/v2\/product_tag?post=625"}],"curies":[{"name":"wp","href":"https:\/\/api.w.org\/{rel}","templated":true}]}}